{"id":89,"date":"2025-11-13T20:03:56","date_gmt":"2025-11-13T19:03:56","guid":{"rendered":"https:\/\/btsystems.pl\/?page_id=89"},"modified":"2025-11-13T20:08:50","modified_gmt":"2025-11-13T19:08:50","slug":"polityka-prywatnosci","status":"publish","type":"page","link":"https:\/\/btsystems.pl\/?page_id=89","title":{"rendered":"Polityka prywatno\u015bci"},"content":{"rendered":"\t\t<div data-elementor-type=\"wp-page\" data-elementor-id=\"89\" class=\"elementor elementor-89\" data-elementor-post-type=\"page\">\n\t\t\t\t<div class=\"elementor-element elementor-element-bd6cc3a e-flex e-con-boxed e-con e-parent\" data-id=\"bd6cc3a\" data-element_type=\"container\">\n\t\t\t\t\t<div class=\"e-con-inner\">\n\t\t\t\t<div class=\"elementor-element elementor-element-57f5b33 elementor-widget elementor-widget-heading\" data-id=\"57f5b33\" data-element_type=\"widget\" data-widget_type=\"heading.default\">\n\t\t\t\t\t<h1 class=\"elementor-heading-title elementor-size-default\">Polityka prywatno\u015bci i&nbsp;cookies<\/h1>\t\t\t\t<\/div>\n\t\t\t\t<div class=\"elementor-element elementor-element-0a5abae elementor-widget elementor-widget-text-editor\" data-id=\"0a5abae\" data-element_type=\"widget\" data-widget_type=\"text-editor.default\">\n\t\t\t\t\t\t\t\t\t<div class=\"elementor-element elementor-element-24399b4 elementor-widget elementor-widget-text-editor\" data-id=\"24399b4\" data-element_type=\"widget\" data-widget_type=\"text-editor.default\"><div class=\"elementor-widget-container\"><p><strong>KTO JEST OPERATOREM SERWISU?<\/strong><\/p><div>Operatorem Serwisu www.btsystems.pl jest Arkadiusz Bolesta prowadz\u0105cy dzia\u0142alno\u015b\u0107 pod nazw\u0105 BtSystems Sp. z o.o., Rzesz\u00f3w ul. Czudecka 10\/7, 35-505, NIP: 8133866151, REGON: 389939164. Operator, b\u0119d\u0105cy jednocze\u015bnie Administratorem danych, przywi\u0105zuje du\u017c\u0105 wag\u0119 do poszanowania prywatno\u015bci oraz ochrony Twoich danych, jako osoby odwiedzaj\u0105cej i korzystaj\u0105cej z Serwisu www.btsystems.pl.<\/div><div>\u00a0<\/div><div><strong>JAKIE INFORMACJE ZBIERANE S\u0104 W SERWISIE?<\/strong><\/div><div><p>Serwis\u00a0 www.btsystems.pl realizuje funkcje pozyskiwania informacji poprzez:<\/p><ol><li>zapisywanie w urz\u0105dzeniach ko\u0144cowych (komputerach i telefonach kom\u00f3rkowych) plik\u00f3w cookies,<\/li><li>gromadzenie log\u00f3w serwera internetowego przez operatora hostingowego: AttHost Sp. z o.o.,<\/li><\/ol><p>Serwis przechowuje zapytania http kierowane do serwera. Przegl\u0105dane zasoby identyfikowane s\u0105 poprzez adresy url.\u00a0 Dla zapewnienia jak najwy\u017cszej jako\u015bci Serwisu analizujemy pliki z\u00a0logami w\u00a0celu okre\u015blenia: kt\u00f3re towary s\u0105 najcz\u0119\u015bciej wyszukiwane, jakie przegl\u0105darki stron internetowych s\u0105 stosowane, czy struktura stron nie zawiera b\u0142\u0119d\u00f3w itp. Zebrane logi s\u0105 przechowywane jako materia\u0142 pomocniczy (statystyki) s\u0142u\u017c\u0105cy do administrowania stron\u0105 internetow\u0105. Gromadzone pliki cookies s\u0105 wykorzystywane ponadto do cel\u00f3w analitycznych i reklamowych, z u\u017cyciem nast\u0119puj\u0105cych narz\u0119dzi: Google Analytics, Google Search Console, Google Tag Manager, HotJar oraz Facebook Pixel.\u00a0<\/p><\/div><div><p><strong>GDZIE MO\u017bESZ PODA\u0106 SWOJE DANE?<\/strong><\/p><ol><li>Przez Serwis www.btsystems.pl mo\u017cesz poda\u0107 swoje dane osobowe: przy formularzu kontaktowym,<\/li><\/ol><ol start=\"2\"><li>Przetwarzanie danych odbywa si\u0119 zgodnie z art. 6 ust. 1 lit a RODO (zgoda). Zgoda wyra\u017cana jest przez zaznaczenie odpowiedniego pola wyboru i mo\u017ce by\u0107 odwo\u0142ana w ka\u017cdym czasie.<\/li><li>Twoje dane pobierane s\u0105 przez szyfrowane strony Serwisu i przechowywane w bazie danych, kt\u00f3ra jest zabezpieczona przed wgl\u0105dem os\u00f3b trzecich. Administrator dok\u0142ada wszelkich stara\u0144, aby zgodnie z obowi\u0105zuj\u0105cymi przepisami w zakresie ochrony danych osobowych zapewni\u0107 wszelkie \u015brodki fizycznej, technicznej i organizacyjnej ochrony danych osobowych przed ich przypadkowym czy umy\u015blnym zniszczeniem, przypadkow\u0105 utrat\u0105, zmian\u0105, nieuprawnionym ujawnieniem, wykorzystaniem czy dost\u0119pem.<\/li><li>Dane zawarte w plikach cookies samoistnie lub w po\u0142\u0105czeniu z innymi danymi mog\u0105 stanowi\u0107 dane osobowe.<\/li><\/ol><div>\u00a0<\/div><p><strong>JAKIE DANE OSOBOWE S\u0104 PRZETWARZANE W SERWISIE I W JAKIM CELU?\u00a0<\/strong>\u00a0<strong>(KLAUZULA INFORMACYJNA RODO)<\/strong><\/p><ol><li>Administratorem danych osobowych jest Arkadiusz Bolesta prowadz\u0105cy dzia\u0142alno\u015b\u0107 pod nazw\u0105 BtSystems Sp. z o.o., Rzesz\u00f3w ul. Czudecka 10\/7, 35-505, NIP: 8133866151, REGON: 389939164.<\/li><li>Dane os\u00f3b korzystaj\u0105cych z formularza kontaktu ze stron\u0105 www.btsystems.pl b\u0119d\u0105\u00a0 przetwarzanie do realizacji kontaktu. zgodnie z art. 6 ust. 1 lit a RODO. Podanie danych osobowych przez Klienta w tym celu jest dobrowolne, jednak brak ich podania uniemo\u017cliwia kontakt. Zgod\u0119 mo\u017cna wycofa\u0107 w ka\u017cdym czasie poprzez kontakt e-mail: biuro@btsystems.pl.<\/li><li>Dane osobowe b\u0119d\u0105 udost\u0119pniane: dostawcom us\u0142ug kurierskich, informatycznych lub prawnych \u015bwiadczonym na rzecz Administratora oraz podmiotom uprawnionym\u00a0 do uzyskania danych osobowych na podstawie przepis\u00f3w prawa.<\/li><li>Posiadasz prawo dost\u0119pu do tre\u015bci swoich danych oraz prawo ich sprostowania, usuni\u0119cia, ograniczenia przetwarzania, prawo do przenoszenia danych, prawo wniesienia sprzeciwu.<\/li><li>Posiadasz prawo wniesienia skargi do organu nadzorczego zajmuj\u0105cego si\u0119 ochron\u0105 danych osobowych.<\/li><li>Przetwarzanie Twoich danych osobowych jest dobrowolne, jednak brak ich podania uniemo\u017cliwia w zale\u017cno\u015bci od podstawy przetwarzania wskazanej w pkt 2 i 3 powy\u017cej:<ol><li>sprzeda\u017c i dostaw\u0119 towar\u00f3w,<\/li><li>skorzystanie z formularza kontaktowego.<\/li><\/ol><\/li><\/ol><div>\u00a0<\/div><p><strong>A CO Z CIASTECZKAMI (PLIKAMI COOKIES )?<\/strong><\/p><ol><li>Serwis www.btsystems.pl korzysta z plik\u00f3w cookies tj. niewielkich plik\u00f3w wysy\u0142anych przez serwer www, kt\u00f3re nast\u0119pnie przechowywane s\u0105 na Twoim urz\u0105dzeniu ko\u0144cowym (telefonie kom\u00f3rkowym lub komputerze) i przeznaczone s\u0105 do korzystania ze stron internetowych Serwisu. Takie pliki cookies zawieraj\u0105 nazw\u0119 strony internetowej, z kt\u00f3rej pochodz\u0105, czas przechowywania ich na urz\u0105dzeniu ko\u0144cowym oraz unikalny numer. Wykorzystywane s\u0105\u00a0 w celu tworzenia anonimowych danych statystycznych. Serwis www.btsystems.pl korzysta ponadto z plik\u00f3w cookies do cel\u00f3w analitycznych\u00a0 i reklamowych: Google Analytics, Google Search Console, Google Tag Manager, HotJar oraz Facebook Pixel.<\/li><li>W Serwisie www.btsystems.pl stosowane s\u0105 nast\u0119puj\u0105ce rodzaje plik\u00f3w cookies:<\/li><\/ol><ol><li>\u201esesyjne\u201d (session cookies), kt\u00f3re s\u0105 plikami tymczasowymi, przechowywanymi s\u0105 na Twoim\u00a0 urz\u0105dzeniu ko\u0144cowym do czasu wylogowania, opuszczenia strony internetowej lub wy\u0142\u0105czenia oprogramowania (przegl\u0105darki internetowej).<\/li><li>\u00a0\u201esta\u0142e\u201d (persistent cookies), kt\u00f3re s\u0105 przechowywane na Twoim urz\u0105dzeniu ko\u0144cowym przez czas okre\u015blony w parametrach plik\u00f3w cookies lub do czasu ich usuni\u0119cia przez Ciebie,<\/li><li>\u201epodmiot\u00f3w zewn\u0119trznych (third parties cookies) pochodz\u0105ce z innych domen, kt\u00f3re w Serwisie maj\u0105 umieszczone swoje elementy, np. reklamy lub inne skrypty o przeznaczeniu marketingowym. W tym celu mog\u0105 one zachowa\u0107 informacj\u0119 o \u015bcie\u017cce nawigacji lub czasie pozostawania na danej stronie. Podmiotami tymi s\u0105: Google Facebook oraz HotJar.<\/li><li>Stosowane w Serwisie pliki cookies m.in.:<\/li><\/ol><ul><li>pozwalaj\u0105 tworzy\u0107 statystyki odwiedzin Serwisu;<\/li><li>umo\u017cliwiaj\u0105 zapami\u0119tywanie Twoich odwiedzin w Serwisie i Twoich preferencji dotycz\u0105cych Serwisu np. uk\u0142ad lub rozmieszczenie tre\u015bci\u00a0 na przegl\u0105danych stronach Serwisu;<\/li><li>pozwalaj\u0105 na zabezpieczenie Twojej sesji internetowej.<\/li><\/ul><ol start=\"4\"><li>Oprogramowanie do przegl\u0105dania stron internetowych (przegl\u0105darka internetowa) zazwyczaj domy\u015blnie dopuszcza przechowywanie plik\u00f3w cookies w Twoim urz\u0105dzeniu ko\u0144cowym (telefonie kom\u00f3rkowym, komputerze). Mo\u017cesz samodzielnie dokona\u0107 zmiany ustawie\u0144 w tym zakresie.<\/li><li>Serwis korzysta z narz\u0119dzi analitycznych:<\/li><\/ol><ol><li>Google Analytics,<\/li><li>Google Search Console,<\/li><li>Google Tag Manager,<br \/>nale\u017c\u0105cych do Google LLC, 1600 Amphitheatre Parkway, Mountain View, CA 94043, Stany Zjednoczone, kt\u00f3re zbieraj\u0105 informacje na temat Twoich odwiedzin na stronie internetowej, takie jak: czas sp\u0119dzony na stronie czy przej\u015bcia pomi\u0119dzy poszczeg\u00f3lnymi podstronami. W tym celu wykorzystywane s\u0105 pliki cookies Google LLC dotycz\u0105ce us\u0142ugi Google Analytics. Szczeg\u00f3\u0142owe\u00a0 informacje zwi\u0105zane z przetwarzaniem danych przez Google Analytics zosta\u0142y udost\u0119pnione na stronie:\u00a0<a style=\"background-color: #ffffff;\" href=\"https:\/\/web.archive.org\/web\/20230306023724\/https:\/\/support.google.com\/analytics\/answer\/6004245\">https:\/\/support.google.com\/analytics\/answer\/6004245<\/a>.<\/li><\/ol><ol start=\"6\"><li>Serwis korzysta z narz\u0119dzia analitycznego i reklamowego Facebook Pixel nale\u017c\u0105cego do Facebook Ireland Ltd. 4 Grand Canal Square, Grand Canal Harbour, D2 Dublin Ireland. Wi\u0105\u017ce si\u0119 to z u\u017cywaniem plik\u00f3w cookies\u00a0 do cel\u00f3w wy\u015bwietlania reklam lub\u00a0 dokonywania pomiarow i raportowania dotycz\u0105cych funkcjonowania Serwisu. Szczeg\u00f3\u0142owe\u00a0 informacje zwi\u0105zane z przetwarzaniem danych przez Facebook Pixel zosta\u0142y udost\u0119pnione na stronie:\u00a0<a href=\"https:\/\/web.archive.org\/web\/20230306023724\/https:\/\/www.facebook.com\/business\/help\/471978536642445?id=1205376682832142\">https:\/\/www.facebook.com\/business\/help\/471978536642445?id=1205376682832142<\/a><\/li><li>Serwis korzysta z narz\u0119dzia analitycznego HotJar nale\u017c\u0105ce do Hotjar Limited, Level 2, St Julian\u2019s Business Centre, 3, Elia Zammit Street, St Julian\u2019s STJ 1000, Malta, kt\u00f3re \u015bledzi Twoje zachowania podejmowane w obr\u0119bie Serwisu. W tym celu wykorzystywane s\u0105 pliki cookies. Z pomoc\u0105 Hotjar analizowane s\u0105 zachowania\u00a0 U\u017cytkownik\u00f3w strony internetowej tj. czas sp\u0119dzany na poszczeg\u00f3lnych stronach internetowych, przyciski kt\u00f3rych u\u017cywa si\u0119 na stronie itp. Wi\u0119cej informacji znajdziesz w Polityce prywatno\u015bci Hotjar: https:\/\/www.hotjar.com\/legal\/policies\/privacy.<\/li><li>Je\u017celi\u00a0 nie chcesz otrzymywa\u0107 plik\u00f3w cookies, mo\u017cesz zmieni\u0107 ustawienia u\u017cywanej przez siebie przegl\u0105darki. Serwis zastrzega wy\u0142\u0105czenie obs\u0142ugi plik\u00f3w cookies niezb\u0119dnych dla proces\u00f3w uwierzytelniania, bezpiecze\u0144stwa, utrzymania preferencji u\u017cytkownika, mo\u017ce utrudni\u0107 korzystanie z Serwisu.<\/li><li>Wykorzystywanie plik\u00f3w typu cookies w celu przechowywania informacji oraz uzyskiwania dost\u0119pu do informacji przechowywanych w telekomunikacyjnym urz\u0105dzeniu ko\u0144cowym u\u017cytkownika, jest dozwolone pod warunkiem, wyra\u017cenia przez Ciebie zgody na takie wykorzystywanie plik\u00f3w typu cookies. Przy otwieraniu pierwszej strony\u00a0 Serwisu mo\u017cesz\u00a0 wyrazi\u0107 lub odm\u00f3wi\u0107 zgody na takie wykorzystanie plik\u00f3w cookies. Zgoda ta mo\u017ce zosta\u0107 w ka\u017cdym momencie wycofana, w szczeg\u00f3lno\u015bci poprzez wyczyszczenie historii cookies oraz wy\u0142\u0105czenie obs\u0142ugi cookies w ustawieniach przegl\u0105darki.<\/li><li>Informacje o mo\u017cliwo\u015bci i sposobach obs\u0142ugi plik\u00f3w cookies s\u0105 w ustawieniach przegl\u0105darek internetowych: w przegl\u0105darce Mozilla Firefox https:\/\/support.mozilla.org\/pl\/kb\/ciasteczka w przegl\u0105darce Chrome https:\/\/support.google.com\/chrome\/answer\/95647?hl=pl, w przegl\u0105darce Opera https:\/\/help.opera.com\/pl\/latest\/web-preferences\/#cookies w przegl\u0105darce Internet Explorer https:\/\/support.microsoft.com\/pl- pl\/help\/278835\/how-to-delete-cookie-files-in-internet-explorer.<\/li><\/ol><div>\u00a0<\/div><\/div><div><strong>CO JESZCZE POWINIENE\u015a WIEDZIE\u0106?<\/strong><\/div><div>W sprawach nieuregulowanych w Polityce prywatno\u015bci i cookies zastosowanie maj\u0105 przepisy Kodeksu cywilnego i odpowiednich ustaw prawa polskiego oraz prawa Unii Europejskiej, w tym; RODO (Rozporz\u0105dzenie Parlamentu Europejskiego i Rady (UE) 2016\/679 z dnia 27 kwietnia 2016 r. w sprawie ochrony os\u00f3b fizycznych w zwi\u0105zku z przetwarzaniem danych osobowych i w sprawie swobodnego przep\u0142ywu takich danych oraz uchylenia dyrektywy 95\/46\/WE. W przypadku zmiany obowi\u0105zuj\u0105cej Polityki prywatno\u015bci i cookies odpowiednie jej modyfikacje zostan\u0105 udost\u0119pnione na stronie Serwisu.<\/div><\/div><\/div>\t\t\t\t\t\t\t\t<\/div>\n\t\t\t\t\t<\/div>\n\t\t\t\t<\/div>\n\t\t\t\t<\/div>\n\t\t","protected":false},"excerpt":{"rendered":"<p>Polityka prywatno\u015bci i&nbsp;cookies KTO JEST OPERATOREM SERWISU? Operatorem Serwisu www.btsystems.pl jest Arkadiusz Bolesta prowadz\u0105cy dzia\u0142alno\u015b\u0107 pod nazw\u0105 BtSystems Sp. z o.o., Rzesz\u00f3w ul. Czudecka 10\/7, 35-505, NIP: 8133866151, REGON: 389939164. Operator, b\u0119d\u0105cy jednocze\u015bnie Administratorem danych, przywi\u0105zuje du\u017c\u0105 wag\u0119 do poszanowania prywatno\u015bci oraz ochrony Twoich danych, jako osoby odwiedzaj\u0105cej i korzystaj\u0105cej z Serwisu www.btsystems.pl.\u00a0JAKIE INFORMACJE ZBIERANE [&hellip;]<\/p>\n","protected":false},"author":1,"featured_media":0,"parent":0,"menu_order":0,"comment_status":"closed","ping_status":"closed","template":"","meta":{"footnotes":""},"class_list":["post-89","page","type-page","status-publish","hentry"],"aioseo_notices":[],"_links":{"self":[{"href":"https:\/\/btsystems.pl\/index.php?rest_route=\/wp\/v2\/pages\/89","targetHints":{"allow":["GET"]}}],"collection":[{"href":"https:\/\/btsystems.pl\/index.php?rest_route=\/wp\/v2\/pages"}],"about":[{"href":"https:\/\/btsystems.pl\/index.php?rest_route=\/wp\/v2\/types\/page"}],"author":[{"embeddable":true,"href":"https:\/\/btsystems.pl\/index.php?rest_route=\/wp\/v2\/users\/1"}],"replies":[{"embeddable":true,"href":"https:\/\/btsystems.pl\/index.php?rest_route=%2Fwp%2Fv2%2Fcomments&post=89"}],"version-history":[{"count":4,"href":"https:\/\/btsystems.pl\/index.php?rest_route=\/wp\/v2\/pages\/89\/revisions"}],"predecessor-version":[{"id":93,"href":"https:\/\/btsystems.pl\/index.php?rest_route=\/wp\/v2\/pages\/89\/revisions\/93"}],"wp:attachment":[{"href":"https:\/\/btsystems.pl\/index.php?rest_route=%2Fwp%2Fv2%2Fmedia&parent=89"}],"curies":[{"name":"wp","href":"https:\/\/api.w.org\/{rel}","templated":true}]}}