{"id":10,"date":"2025-11-13T18:50:47","date_gmt":"2025-11-13T17:50:47","guid":{"rendered":"https:\/\/btsystems.pl\/?page_id=10"},"modified":"2025-11-25T15:29:03","modified_gmt":"2025-11-25T14:29:03","slug":"elementor-10","status":"publish","type":"page","link":"https:\/\/btsystems.pl\/","title":{"rendered":"BT Systems"},"content":{"rendered":"\t\t<div data-elementor-type=\"wp-post\" data-elementor-id=\"10\" class=\"elementor elementor-10\" data-elementor-post-type=\"page\">\n\t\t\t\t<div class=\"elementor-element elementor-element-77fb92b e-flex e-con-boxed e-con e-parent\" data-id=\"77fb92b\" data-element_type=\"container\" data-settings=\"{&quot;background_background&quot;:&quot;classic&quot;}\">\n\t\t\t\t\t<div class=\"e-con-inner\">\n\t\t\t\t<div class=\"elementor-element elementor-element-71e3dd7 elementor-widget elementor-widget-heading\" data-id=\"71e3dd7\" data-element_type=\"widget\" data-widget_type=\"heading.default\">\n\t\t\t\t\t<h1 class=\"elementor-heading-title elementor-size-default\">Projektujemy i&nbsp;wykonujemy profesjonalne systemy bezpiecze\u0144stwa<\/h1>\t\t\t\t<\/div>\n\t\t\t\t<div class=\"elementor-element elementor-element-00d9734 elementor-widget elementor-widget-text-editor\" data-id=\"00d9734\" data-element_type=\"widget\" data-widget_type=\"text-editor.default\">\n\t\t\t\t\t\t\t\t\t<p>BTSystems Sp. z o.o. dzia\u0142a w&nbsp;bran\u017cy instalacji teletechnicznych i system\u00f3w zabezpiecze\u0144. Oferujemy profesjonaln\u0105 i&nbsp;kompleksow\u0105 obs\u0142ug\u0119 inwestycji na ka\u017cdym etapie budowy.<\/p>\t\t\t\t\t\t\t\t<\/div>\n\t\t\t\t<div class=\"elementor-element elementor-element-8614620 elementor-widget elementor-widget-button\" data-id=\"8614620\" data-element_type=\"widget\" data-widget_type=\"button.default\">\n\t\t\t\t\t\t\t\t\t\t<a class=\"elementor-button elementor-button-link elementor-size-sm\" href=\"#kontakt\">\n\t\t\t\t\t\t<span class=\"elementor-button-content-wrapper\">\n\t\t\t\t\t\t\t\t\t<span class=\"elementor-button-text\">Skontaktuj si\u0119 z nami<\/span>\n\t\t\t\t\t<\/span>\n\t\t\t\t\t<\/a>\n\t\t\t\t\t\t\t\t<\/div>\n\t\t\t\t\t<\/div>\n\t\t\t\t<\/div>\n\t\t<div class=\"elementor-element elementor-element-daa5076 e-flex e-con-boxed e-con e-parent\" data-id=\"daa5076\" data-element_type=\"container\" id=\"projektowanie\" data-settings=\"{&quot;background_background&quot;:&quot;classic&quot;}\">\n\t\t\t\t\t<div class=\"e-con-inner\">\n\t\t<div class=\"elementor-element elementor-element-8abbd1d e-con-full e-flex e-con e-child\" data-id=\"8abbd1d\" data-element_type=\"container\">\n\t\t\t\t<div class=\"elementor-element elementor-element-d04b84a elementor-widget elementor-widget-image\" data-id=\"d04b84a\" data-element_type=\"widget\" data-widget_type=\"image.default\">\n\t\t\t\t\t\t\t\t\t\t\t\t\t\t\t<img fetchpriority=\"high\" decoding=\"async\" width=\"560\" height=\"560\" src=\"https:\/\/btsystems.pl\/wp-content\/uploads\/2025\/11\/projektowanie-instalacji-elektrycznych-teletechnicznych-i-przeciwpozarowych-btsystems.avif\" class=\"attachment-large size-large wp-image-20\" alt=\"Projektowanie instalacji elektrycznych, teletechnicznych i przeciwpo\u017carowych\" srcset=\"https:\/\/btsystems.pl\/wp-content\/uploads\/2025\/11\/projektowanie-instalacji-elektrycznych-teletechnicznych-i-przeciwpozarowych-btsystems.avif 560w, https:\/\/btsystems.pl\/wp-content\/uploads\/2025\/11\/projektowanie-instalacji-elektrycznych-teletechnicznych-i-przeciwpozarowych-btsystems-300x300.jpg 300w, https:\/\/btsystems.pl\/wp-content\/uploads\/2025\/11\/projektowanie-instalacji-elektrycznych-teletechnicznych-i-przeciwpozarowych-btsystems-150x150.jpg 150w\" sizes=\"(max-width: 560px) 100vw, 560px\" \/>\t\t\t\t\t\t\t\t\t\t\t\t\t\t\t<\/div>\n\t\t\t\t<\/div>\n\t\t<div class=\"elementor-element elementor-element-60feb66 e-con-full e-flex e-con e-child\" data-id=\"60feb66\" data-element_type=\"container\">\n\t\t\t\t<div class=\"elementor-element elementor-element-cfc38cb elementor-widget elementor-widget-heading\" data-id=\"cfc38cb\" data-element_type=\"widget\" data-widget_type=\"heading.default\">\n\t\t\t\t\t<h2 class=\"elementor-heading-title elementor-size-default\">Projektowanie instalacji elektrycznych, teletechnicznych i&nbsp;przeciwpo\u017carowych<\/h2>\t\t\t\t<\/div>\n\t\t\t\t<div class=\"elementor-element elementor-element-6135350 elementor-widget elementor-widget-heading\" data-id=\"6135350\" data-element_type=\"widget\" data-widget_type=\"heading.default\">\n\t\t\t\t\t<div class=\"elementor-heading-title elementor-size-default\"><strong>Zapewniamy:<\/strong><\/div>\t\t\t\t<\/div>\n\t\t\t\t<div class=\"elementor-element elementor-element-8473e95 elementor-widget elementor-widget-text-editor\" data-id=\"8473e95\" data-element_type=\"widget\" data-widget_type=\"text-editor.default\">\n\t\t\t\t\t\t\t\t\t<ul><li>doradztwo w zakresie doboru urz\u0105dze\u0144 pod k\u0105tem funkcjonalno\u015bci, jak \u2028i aspekt\u00f3w wizualnych,<\/li><li>kompleksowa obs\u0142uga projektowa inwestycji,<\/li><li>przygotowanie dokumentacji do odbioru.<\/li><\/ul>\t\t\t\t\t\t\t\t<\/div>\n\t\t\t\t<div class=\"elementor-element elementor-element-4cd00c5 elementor-widget elementor-widget-button\" data-id=\"4cd00c5\" data-element_type=\"widget\" data-widget_type=\"button.default\">\n\t\t\t\t\t\t\t\t\t\t<a class=\"elementor-button elementor-button-link elementor-size-sm\" href=\"#kontakt\">\n\t\t\t\t\t\t<span class=\"elementor-button-content-wrapper\">\n\t\t\t\t\t\t\t\t\t<span class=\"elementor-button-text\">Skontaktuj si\u0119 z nami<\/span>\n\t\t\t\t\t<\/span>\n\t\t\t\t\t<\/a>\n\t\t\t\t\t\t\t\t<\/div>\n\t\t\t\t<\/div>\n\t\t\t\t\t<\/div>\n\t\t\t\t<\/div>\n\t\t<div class=\"elementor-element elementor-element-5115fab e-flex e-con-boxed e-con e-parent\" data-id=\"5115fab\" data-element_type=\"container\" id=\"wykonawstwo\">\n\t\t\t\t\t<div class=\"e-con-inner\">\n\t\t<div class=\"elementor-element elementor-element-843b4e1 e-con-full e-flex e-con e-child\" data-id=\"843b4e1\" data-element_type=\"container\">\n\t\t\t\t<div class=\"elementor-element elementor-element-0bb4bba elementor-widget elementor-widget-heading\" data-id=\"0bb4bba\" data-element_type=\"widget\" data-widget_type=\"heading.default\">\n\t\t\t\t\t<h2 class=\"elementor-heading-title elementor-size-default\">Kompleksowe wykonawstwo \ni&nbsp;uruchomienia instalacji elektrycznych, teletechnicznych \ni&nbsp;przeciwpo\u017carowych<\/h2>\t\t\t\t<\/div>\n\t\t\t\t<div class=\"elementor-element elementor-element-7cd571e elementor-widget elementor-widget-heading\" data-id=\"7cd571e\" data-element_type=\"widget\" data-widget_type=\"heading.default\">\n\t\t\t\t\t<div class=\"elementor-heading-title elementor-size-default\"><strong>Wykonujemy:<\/strong><\/div>\t\t\t\t<\/div>\n\t\t\t\t<div class=\"elementor-element elementor-element-85b8afe elementor-widget elementor-widget-text-editor\" data-id=\"85b8afe\" data-element_type=\"widget\" data-widget_type=\"text-editor.default\">\n\t\t\t\t\t\t\t\t\t<ul><li>systemy bezpiecze\u0144stwa: kontroli dost\u0119pu SKD, monitoringu wizyjnego CCTV, sygnalizacji w\u0142amania i\u00a0napadu SSWiN,<\/li><li>sieci strukturalne LAN: \u015bwiat\u0142owodowe i miedziane,<\/li><li>systemy przeciwpo\u017carowe: sygnalizacja alarmu po\u017carowego SAP, sta\u0142e urz\u0105dzenia ga\u015bnicze SUG, instalacje tryskaczowe, systemy wykrywania gazu,<\/li><li>systemy wspomagania pracy w\u00a0przedsi\u0119biorstwach: rejestracja czasu pracy RCP, monitoring wska\u017anika OEE,<\/li><li>instalacje elektryczne.<\/li><\/ul>\t\t\t\t\t\t\t\t<\/div>\n\t\t\t\t<div class=\"elementor-element elementor-element-11b5cfd elementor-widget elementor-widget-button\" data-id=\"11b5cfd\" data-element_type=\"widget\" data-widget_type=\"button.default\">\n\t\t\t\t\t\t\t\t\t\t<a class=\"elementor-button elementor-button-link elementor-size-sm\" href=\"#kontakt\">\n\t\t\t\t\t\t<span class=\"elementor-button-content-wrapper\">\n\t\t\t\t\t\t\t\t\t<span class=\"elementor-button-text\">Skontaktuj si\u0119 z nami<\/span>\n\t\t\t\t\t<\/span>\n\t\t\t\t\t<\/a>\n\t\t\t\t\t\t\t\t<\/div>\n\t\t\t\t<\/div>\n\t\t<div class=\"elementor-element elementor-element-d5f8d9f e-con-full e-flex e-con e-child\" data-id=\"d5f8d9f\" data-element_type=\"container\">\n\t\t\t\t<div class=\"elementor-element elementor-element-5db251b elementor-widget elementor-widget-image\" data-id=\"5db251b\" data-element_type=\"widget\" data-widget_type=\"image.default\">\n\t\t\t\t\t\t\t\t\t\t\t\t\t\t\t<img decoding=\"async\" width=\"560\" height=\"720\" src=\"https:\/\/btsystems.pl\/wp-content\/uploads\/2025\/11\/kompleksowe-wykonawstwo-instalacji.avif\" class=\"attachment-large size-large wp-image-21\" alt=\"Kompleksowe wykonawstwo instalacji\" srcset=\"https:\/\/btsystems.pl\/wp-content\/uploads\/2025\/11\/kompleksowe-wykonawstwo-instalacji.avif 560w, https:\/\/btsystems.pl\/wp-content\/uploads\/2025\/11\/kompleksowe-wykonawstwo-instalacji-233x300.jpg 233w\" sizes=\"(max-width: 560px) 100vw, 560px\" \/>\t\t\t\t\t\t\t\t\t\t\t\t\t\t\t<\/div>\n\t\t\t\t<\/div>\n\t\t\t\t\t<\/div>\n\t\t\t\t<\/div>\n\t\t<div class=\"elementor-element elementor-element-1d05082 e-flex e-con-boxed e-con e-parent\" data-id=\"1d05082\" data-element_type=\"container\" id=\"nadzor\" data-settings=\"{&quot;background_background&quot;:&quot;classic&quot;}\">\n\t\t\t\t\t<div class=\"e-con-inner\">\n\t\t<div class=\"elementor-element elementor-element-3928a09 e-con-full e-flex e-con e-child\" data-id=\"3928a09\" data-element_type=\"container\">\n\t\t\t\t<div class=\"elementor-element elementor-element-b3cc225 elementor-widget elementor-widget-image\" data-id=\"b3cc225\" data-element_type=\"widget\" data-widget_type=\"image.default\">\n\t\t\t\t\t\t\t\t\t\t\t\t\t\t\t<img decoding=\"async\" width=\"560\" height=\"560\" src=\"https:\/\/btsystems.pl\/wp-content\/uploads\/2025\/11\/nadzor-nad-realizacja-inwestycji.avif\" class=\"attachment-large size-large wp-image-22\" alt=\"Nadz\u00f3r nad realizacj\u0105 inwestycji\" srcset=\"https:\/\/btsystems.pl\/wp-content\/uploads\/2025\/11\/nadzor-nad-realizacja-inwestycji.avif 560w, https:\/\/btsystems.pl\/wp-content\/uploads\/2025\/11\/nadzor-nad-realizacja-inwestycji-300x300.jpg 300w, https:\/\/btsystems.pl\/wp-content\/uploads\/2025\/11\/nadzor-nad-realizacja-inwestycji-150x150.jpg 150w\" sizes=\"(max-width: 560px) 100vw, 560px\" \/>\t\t\t\t\t\t\t\t\t\t\t\t\t\t\t<\/div>\n\t\t\t\t<\/div>\n\t\t<div class=\"elementor-element elementor-element-1f47417 e-con-full e-flex e-con e-child\" data-id=\"1f47417\" data-element_type=\"container\">\n\t\t\t\t<div class=\"elementor-element elementor-element-9951e73 elementor-widget elementor-widget-heading\" data-id=\"9951e73\" data-element_type=\"widget\" data-widget_type=\"heading.default\">\n\t\t\t\t\t<h2 class=\"elementor-heading-title elementor-size-default\">Nadz\u00f3r nad realizacj\u0105 inwestycji<\/h2>\t\t\t\t<\/div>\n\t\t\t\t<div class=\"elementor-element elementor-element-7237a5e elementor-widget elementor-widget-heading\" data-id=\"7237a5e\" data-element_type=\"widget\" data-widget_type=\"heading.default\">\n\t\t\t\t\t<div class=\"elementor-heading-title elementor-size-default\"><strong>Prowadzimy:<\/strong><\/div>\t\t\t\t<\/div>\n\t\t\t\t<div class=\"elementor-element elementor-element-d3bab07 elementor-widget elementor-widget-text-editor\" data-id=\"d3bab07\" data-element_type=\"widget\" data-widget_type=\"text-editor.default\">\n\t\t\t\t\t\t\t\t\t<ul>\n<li>nadz\u00f3r in\u017cynierski na nowo realizowanych inwestycjach,<\/li>\n<li>koordynacj\u0119 podwykonawc\u00f3w w&nbsp;zakresie instalacji teletechnicznych\u2028i&nbsp;przeciwpo\u017carowych.<\/li>\n<\/ul>\t\t\t\t\t\t\t\t<\/div>\n\t\t\t\t<div class=\"elementor-element elementor-element-a7d98e0 elementor-widget elementor-widget-button\" data-id=\"a7d98e0\" data-element_type=\"widget\" data-widget_type=\"button.default\">\n\t\t\t\t\t\t\t\t\t\t<a class=\"elementor-button elementor-button-link elementor-size-sm\" href=\"#kontakt\">\n\t\t\t\t\t\t<span class=\"elementor-button-content-wrapper\">\n\t\t\t\t\t\t\t\t\t<span class=\"elementor-button-text\">Skontaktuj si\u0119 z nami<\/span>\n\t\t\t\t\t<\/span>\n\t\t\t\t\t<\/a>\n\t\t\t\t\t\t\t\t<\/div>\n\t\t\t\t<\/div>\n\t\t\t\t\t<\/div>\n\t\t\t\t<\/div>\n\t\t<div class=\"elementor-element elementor-element-e507a77 e-flex e-con-boxed e-con e-parent\" data-id=\"e507a77\" data-element_type=\"container\" id=\"onas\">\n\t\t\t\t\t<div class=\"e-con-inner\">\n\t\t<div class=\"elementor-element elementor-element-003b2bf e-con-full e-flex e-con e-child\" data-id=\"003b2bf\" data-element_type=\"container\">\n\t\t\t\t<div class=\"elementor-element elementor-element-22f40a7 elementor-widget elementor-widget-heading\" data-id=\"22f40a7\" data-element_type=\"widget\" data-widget_type=\"heading.default\">\n\t\t\t\t\t<h2 class=\"elementor-heading-title elementor-size-default\">O nas<\/h2>\t\t\t\t<\/div>\n\t\t\t\t<div class=\"elementor-element elementor-element-5e9eaf8 elementor-widget elementor-widget-text-editor\" data-id=\"5e9eaf8\" data-element_type=\"widget\" data-widget_type=\"text-editor.default\">\n\t\t\t\t\t\t\t\t\t<p><b>BTSystems sp. z o.o.<\/b> jest firm\u0105 instalacyjn\u0105 dzia\u0142aj\u0105c\u0105 w bran\u017cy zabezpiecze\u0144 na terenie ca\u0142ej Polski. Oferujemy kompleksow\u0105 obs\u0142ug\u0119 inwestycji od koncepcji poprzez projekt, wykonawstwo, nadz\u00f3r a\u017c po wdro\u017cenie i uruchomienie system\u00f3w teletechnicznych.&nbsp;<\/p>\n<p>Specjalizujemy si\u0119 w realizacji obiekt\u00f3w przemys\u0142owych, hal magazynowych oraz budynk\u00f3w u\u017cyteczno\u015bci publicznej. Stale inwestujemy w rozw\u00f3j wiedzy i&nbsp;do\u015bwiadczenia, wsp\u00f3\u0142pracuj\u0105c z&nbsp;producentami system\u00f3w zabezpiecze\u0144 i bior\u0105c udzia\u0142 w organizowanych przez nich szkoleniach.&nbsp;<\/p>\n<p>Na ka\u017cdym etapie inwestycji doradzamy i&nbsp;pomagamy, korzystaj\u0105c z&nbsp;wieloletniego do\u015bwiadczenia ka\u017cdego pracownika.<\/p>\t\t\t\t\t\t\t\t<\/div>\n\t\t\t\t<div class=\"elementor-element elementor-element-31d59ba elementor-widget elementor-widget-button\" data-id=\"31d59ba\" data-element_type=\"widget\" data-widget_type=\"button.default\">\n\t\t\t\t\t\t\t\t\t\t<a class=\"elementor-button elementor-button-link elementor-size-sm\" href=\"#kontakt\">\n\t\t\t\t\t\t<span class=\"elementor-button-content-wrapper\">\n\t\t\t\t\t\t\t\t\t<span class=\"elementor-button-text\">Skontaktuj si\u0119 z nami<\/span>\n\t\t\t\t\t<\/span>\n\t\t\t\t\t<\/a>\n\t\t\t\t\t\t\t\t<\/div>\n\t\t\t\t<\/div>\n\t\t<div class=\"elementor-element elementor-element-e25c324 e-con-full e-flex e-con e-child\" data-id=\"e25c324\" data-element_type=\"container\">\n\t\t\t\t<div class=\"elementor-element elementor-element-1ef8d03 elementor-widget elementor-widget-image\" data-id=\"1ef8d03\" data-element_type=\"widget\" data-widget_type=\"image.default\">\n\t\t\t\t\t\t\t\t\t\t\t\t\t\t\t<img loading=\"lazy\" decoding=\"async\" width=\"800\" height=\"801\" src=\"https:\/\/btsystems.pl\/wp-content\/uploads\/2025\/11\/bt-systems.avif\" class=\"attachment-large size-large wp-image-24\" alt=\"BTSystems\" srcset=\"https:\/\/btsystems.pl\/wp-content\/uploads\/2025\/11\/bt-systems.avif 900w, https:\/\/btsystems.pl\/wp-content\/uploads\/2025\/11\/bt-systems-300x300.jpg 300w, https:\/\/btsystems.pl\/wp-content\/uploads\/2025\/11\/bt-systems-150x150.jpg 150w, https:\/\/btsystems.pl\/wp-content\/uploads\/2025\/11\/bt-systems-768x769.jpg 768w\" sizes=\"(max-width: 800px) 100vw, 800px\" \/>\t\t\t\t\t\t\t\t\t\t\t\t\t\t\t<\/div>\n\t\t\t\t<\/div>\n\t\t\t\t\t<\/div>\n\t\t\t\t<\/div>\n\t\t<div class=\"elementor-element elementor-element-a2e5f70 e-flex e-con-boxed e-con e-parent\" data-id=\"a2e5f70\" data-element_type=\"container\" id=\"partnerzy\" data-settings=\"{&quot;background_background&quot;:&quot;classic&quot;}\">\n\t\t\t\t\t<div class=\"e-con-inner\">\n\t\t\t\t<div class=\"elementor-element elementor-element-614cbe5 elementor-widget elementor-widget-heading\" data-id=\"614cbe5\" data-element_type=\"widget\" data-widget_type=\"heading.default\">\n\t\t\t\t\t<h2 class=\"elementor-heading-title elementor-size-default\">Partnerzy<\/h2>\t\t\t\t<\/div>\n\t\t\t\t<div class=\"elementor-element elementor-element-f626fed elementor-pagination-position-outside elementor-widget elementor-widget-image-carousel\" data-id=\"f626fed\" data-element_type=\"widget\" data-settings=\"{&quot;slides_to_show&quot;:&quot;4&quot;,&quot;navigation&quot;:&quot;dots&quot;,&quot;image_spacing_custom&quot;:{&quot;unit&quot;:&quot;px&quot;,&quot;size&quot;:40,&quot;sizes&quot;:[]},&quot;autoplay&quot;:&quot;yes&quot;,&quot;pause_on_hover&quot;:&quot;yes&quot;,&quot;pause_on_interaction&quot;:&quot;yes&quot;,&quot;autoplay_speed&quot;:5000,&quot;infinite&quot;:&quot;yes&quot;,&quot;speed&quot;:500,&quot;image_spacing_custom_tablet&quot;:{&quot;unit&quot;:&quot;px&quot;,&quot;size&quot;:&quot;&quot;,&quot;sizes&quot;:[]},&quot;image_spacing_custom_mobile&quot;:{&quot;unit&quot;:&quot;px&quot;,&quot;size&quot;:&quot;&quot;,&quot;sizes&quot;:[]}}\" data-widget_type=\"image-carousel.default\">\n\t\t\t\t\t\t\t<div class=\"elementor-image-carousel-wrapper swiper\" role=\"region\" aria-roledescription=\"carousel\" aria-label=\"Karuzela obrazk\u00f3w\" dir=\"ltr\">\n\t\t\t<div class=\"elementor-image-carousel swiper-wrapper\" aria-live=\"off\">\n\t\t\t\t\t\t\t\t<div class=\"swiper-slide\" role=\"group\" aria-roledescription=\"slide\" aria-label=\"1 of 6\"><figure class=\"swiper-slide-inner\"><img decoding=\"async\" class=\"swiper-slide-image\" src=\"https:\/\/btsystems.pl\/wp-content\/uploads\/2025\/11\/hikvision-300x120.jpg\" alt=\"Hikvision\" \/><\/figure><\/div><div class=\"swiper-slide\" role=\"group\" aria-roledescription=\"slide\" aria-label=\"2 of 6\"><figure class=\"swiper-slide-inner\"><img decoding=\"async\" class=\"swiper-slide-image\" src=\"https:\/\/btsystems.pl\/wp-content\/uploads\/2025\/11\/polon-alfa-300x120.jpg\" alt=\"Polon-Alfa\" \/><\/figure><\/div><div class=\"swiper-slide\" role=\"group\" aria-roledescription=\"slide\" aria-label=\"3 of 6\"><figure class=\"swiper-slide-inner\"><img decoding=\"async\" class=\"swiper-slide-image\" src=\"https:\/\/btsystems.pl\/wp-content\/uploads\/2025\/11\/roger-300x120.jpg\" alt=\"Roger\" \/><\/figure><\/div><div class=\"swiper-slide\" role=\"group\" aria-roledescription=\"slide\" aria-label=\"4 of 6\"><figure class=\"swiper-slide-inner\"><img decoding=\"async\" class=\"swiper-slide-image\" src=\"https:\/\/btsystems.pl\/wp-content\/uploads\/2025\/11\/satel-300x120.jpg\" alt=\"Satel\" \/><\/figure><\/div><div class=\"swiper-slide\" role=\"group\" aria-roledescription=\"slide\" aria-label=\"5 of 6\"><figure class=\"swiper-slide-inner\"><img decoding=\"async\" class=\"swiper-slide-image\" src=\"https:\/\/btsystems.pl\/wp-content\/uploads\/2025\/11\/bosch-300x120.jpg\" alt=\"bosch\" \/><\/figure><\/div><div class=\"swiper-slide\" role=\"group\" aria-roledescription=\"slide\" aria-label=\"6 of 6\"><figure class=\"swiper-slide-inner\"><img decoding=\"async\" class=\"swiper-slide-image\" src=\"https:\/\/btsystems.pl\/wp-content\/uploads\/2025\/11\/schrack-seconet-300x120.jpg\" alt=\"schrack-seconet\" \/><\/figure><\/div>\t\t\t<\/div>\n\t\t\t\t\t\t\t\n\t\t\t\t\t\t\t\t\t<div class=\"swiper-pagination\"><\/div>\n\t\t\t\t\t\t\t\t\t<\/div>\n\t\t\t\t\t\t<\/div>\n\t\t\t\t\t<\/div>\n\t\t\t\t<\/div>\n\t\t\t\t<\/div>\n\t\t","protected":false},"excerpt":{"rendered":"<p>Projektujemy i&nbsp;wykonujemy profesjonalne systemy bezpiecze\u0144stwa BTSystems Sp. z o.o. dzia\u0142a w&nbsp;bran\u017cy instalacji teletechnicznych i system\u00f3w zabezpiecze\u0144. Oferujemy profesjonaln\u0105 i&nbsp;kompleksow\u0105 obs\u0142ug\u0119 inwestycji na ka\u017cdym etapie budowy. Skontaktuj si\u0119 z nami Projektowanie instalacji elektrycznych, teletechnicznych i&nbsp;przeciwpo\u017carowych Zapewniamy: doradztwo w zakresie doboru urz\u0105dze\u0144 pod k\u0105tem funkcjonalno\u015bci, jak \u2028i aspekt\u00f3w wizualnych, kompleksowa obs\u0142uga projektowa inwestycji, przygotowanie dokumentacji do odbioru. [&hellip;]<\/p>\n","protected":false},"author":1,"featured_media":0,"parent":0,"menu_order":0,"comment_status":"closed","ping_status":"closed","template":"","meta":{"footnotes":""},"class_list":["post-10","page","type-page","status-publish","hentry"],"aioseo_notices":[],"_links":{"self":[{"href":"https:\/\/btsystems.pl\/index.php?rest_route=\/wp\/v2\/pages\/10","targetHints":{"allow":["GET"]}}],"collection":[{"href":"https:\/\/btsystems.pl\/index.php?rest_route=\/wp\/v2\/pages"}],"about":[{"href":"https:\/\/btsystems.pl\/index.php?rest_route=\/wp\/v2\/types\/page"}],"author":[{"embeddable":true,"href":"https:\/\/btsystems.pl\/index.php?rest_route=\/wp\/v2\/users\/1"}],"replies":[{"embeddable":true,"href":"https:\/\/btsystems.pl\/index.php?rest_route=%2Fwp%2Fv2%2Fcomments&post=10"}],"version-history":[{"count":22,"href":"https:\/\/btsystems.pl\/index.php?rest_route=\/wp\/v2\/pages\/10\/revisions"}],"predecessor-version":[{"id":111,"href":"https:\/\/btsystems.pl\/index.php?rest_route=\/wp\/v2\/pages\/10\/revisions\/111"}],"wp:attachment":[{"href":"https:\/\/btsystems.pl\/index.php?rest_route=%2Fwp%2Fv2%2Fmedia&parent=10"}],"curies":[{"name":"wp","href":"https:\/\/api.w.org\/{rel}","templated":true}]}}